{"id":419,"date":"2026-04-28T11:26:48","date_gmt":"2026-04-28T11:26:48","guid":{"rendered":"https:\/\/www.foamexperts.ca\/nous-contacter\/"},"modified":"2026-04-30T19:46:20","modified_gmt":"2026-04-30T19:46:20","slug":"nous-contacter","status":"publish","type":"page","link":"https:\/\/www.foamexperts.ca\/fr\/nous-contacter\/","title":{"rendered":"Nous contacter"},"content":{"rendered":"\t\t<div data-elementor-type=\"wp-page\" data-elementor-id=\"419\" class=\"elementor elementor-419 elementor-20\" data-elementor-post-type=\"page\">\n\t\t\t\t<div class=\"elementor-element elementor-element-4d8fe42 custom-zoom e-flex e-con-boxed elementor-invisible e-con e-parent\" data-id=\"4d8fe42\" data-element_type=\"container\" data-e-type=\"container\" data-settings=\"{&quot;background_background&quot;:&quot;classic&quot;,&quot;animation&quot;:&quot;zoomIn&quot;}\">\n\t\t\t\t\t<div class=\"e-con-inner\">\n\t\t<div class=\"elementor-element elementor-element-6de3cfe e-con-full e-flex elementor-invisible e-con e-child\" data-id=\"6de3cfe\" data-element_type=\"container\" data-e-type=\"container\" data-settings=\"{&quot;animation&quot;:&quot;fadeIn&quot;}\">\n\t\t\t\t<div class=\"elementor-element elementor-element-2353ec0 elementor-invisible elementor-widget elementor-widget-heading\" data-id=\"2353ec0\" data-element_type=\"widget\" data-e-type=\"widget\" data-settings=\"{&quot;_animation&quot;:&quot;fadeIn&quot;,&quot;_animation_delay&quot;:350}\" data-widget_type=\"heading.default\">\n\t\t\t\t\t<h1 class=\"elementor-heading-title elementor-size-default\">Nous contacter<\/h1>\t\t\t\t<\/div>\n\t\t\t\t<\/div>\n\t\t\t\t\t<\/div>\n\t\t\t\t<\/div>\n\t\t<div class=\"elementor-element elementor-element-ff1fdf7 e-flex e-con-boxed e-con e-parent\" data-id=\"ff1fdf7\" data-element_type=\"container\" data-e-type=\"container\">\n\t\t\t\t\t<div class=\"e-con-inner\">\n\t\t<div class=\"elementor-element elementor-element-b12d255 e-con-full e-flex elementor-invisible e-con e-child\" data-id=\"b12d255\" data-element_type=\"container\" data-e-type=\"container\" data-settings=\"{&quot;background_background&quot;:&quot;classic&quot;,&quot;position&quot;:&quot;absolute&quot;,&quot;animation&quot;:&quot;zoomIn&quot;,&quot;animation_delay&quot;:1000}\">\n\t\t\t\t<\/div>\n\t\t<div class=\"elementor-element elementor-element-8cb9543 e-con-full e-flex elementor-invisible e-con e-child\" data-id=\"8cb9543\" data-element_type=\"container\" data-e-type=\"container\" data-settings=\"{&quot;background_background&quot;:&quot;classic&quot;,&quot;position&quot;:&quot;absolute&quot;,&quot;animation&quot;:&quot;zoomIn&quot;,&quot;animation_delay&quot;:1000}\">\n\t\t\t\t<\/div>\n\t\t<div class=\"elementor-element elementor-element-604058f e-con-full elementor-hidden-tablet e-flex elementor-invisible e-con e-child\" data-id=\"604058f\" data-element_type=\"container\" data-e-type=\"container\" data-settings=\"{&quot;background_background&quot;:&quot;classic&quot;,&quot;position&quot;:&quot;absolute&quot;,&quot;animation&quot;:&quot;zoomIn&quot;,&quot;animation_delay&quot;:1000}\">\n\t\t\t\t<\/div>\n\t\t<div class=\"elementor-element elementor-element-bef0b42 e-con-full e-flex e-con e-child\" data-id=\"bef0b42\" data-element_type=\"container\" data-e-type=\"container\">\n\t\t\t\t<div class=\"elementor-element elementor-element-49c9b2f elementor-widget elementor-widget-template\" data-id=\"49c9b2f\" data-element_type=\"widget\" data-e-type=\"widget\" data-widget_type=\"template.default\">\n\t\t\t\t<div class=\"elementor-widget-container\">\n\t\t\t\t\t\t\t<div class=\"elementor-template\">\n\t\t\t\t\t<div data-elementor-type=\"section\" data-elementor-id=\"440\" class=\"elementor elementor-440 elementor-305 elementor-305\" data-elementor-post-type=\"elementor_library\">\n\t\t\t<div class=\"elementor-element elementor-element-baa9d6c e-con-full e-flex e-con e-child\" data-id=\"baa9d6c\" data-element_type=\"container\" data-e-type=\"container\">\n\t\t\t\t<div class=\"elementor-element elementor-element-4d35602 elementor-invisible elementor-widget elementor-widget-heading\" data-id=\"4d35602\" data-element_type=\"widget\" data-e-type=\"widget\" data-settings=\"{&quot;_animation&quot;:&quot;fadeInUp&quot;,&quot;_animation_delay&quot;:50}\" data-widget_type=\"heading.default\">\n\t\t\t\t\t<h2 class=\"elementor-heading-title elementor-size-default\">Nous contacter<\/h2>\t\t\t\t<\/div>\n\t\t\t\t<div class=\"elementor-element elementor-element-1489a7a text-with-link elementor-invisible elementor-widget elementor-widget-text-editor\" data-id=\"1489a7a\" data-element_type=\"widget\" data-e-type=\"widget\" data-settings=\"{&quot;_animation&quot;:&quot;fadeInUp&quot;,&quot;_animation_delay&quot;:100}\" data-widget_type=\"text-editor.default\">\n\t\t\t\t\t\t\t\t\t<p>Pour organiser une inspection de site de votre projet, veuillez t\u00e9l\u00e9charger et remplir le <span style=\"text-decoration: underline;\"><strong><a href=\"https:\/\/www.foamexperts.ca\/wp-content\/uploads\/2026\/04\/UFC-Site-Inspection-Request.pdf\" target=\"_blank\" rel=\"noopener\">formulaire de demande d&rsquo;inspection de site<\/a><\/strong><\/span>.<\/p><p>N&rsquo;h\u00e9sitez pas \u00e0 nous contacter \u00e0 tout moment pour toute demande de renseignements. Un membre du personnel d&rsquo;UFC vous r\u00e9pondra rapidement.<\/p>\t\t\t\t\t\t\t\t<\/div>\n\t\t\t\t<div class=\"elementor-element elementor-element-407462a contact-form elementor-button-align-stretch elementor-widget elementor-widget-form\" data-id=\"407462a\" data-element_type=\"widget\" data-e-type=\"widget\" data-settings=\"{&quot;step_next_label&quot;:&quot;Suivant&quot;,&quot;step_previous_label&quot;:&quot;Pr\\u00e9c\\u00e9dent&quot;,&quot;step_type&quot;:&quot;number_text&quot;,&quot;step_icon_shape&quot;:&quot;circle&quot;}\" data-widget_type=\"form.default\">\n\t\t\t\t\t\t\t<form class=\"elementor-form\" method=\"post\" name=\"Nouveau formulaire\" aria-label=\"Nouveau formulaire\">\n\t\t\t<input type=\"hidden\" name=\"post_id\" value=\"440\"\/>\n\t\t\t<input type=\"hidden\" name=\"form_id\" value=\"407462a\"\/>\n\t\t\t<input type=\"hidden\" name=\"referer_title\" value=\"Nous contacter Urethane Foam Consultants\" \/>\n\n\t\t\t\t\t\t\t<input type=\"hidden\" name=\"queried_id\" value=\"419\"\/>\n\t\t\t\n\t\t\t<div class=\"elementor-form-fields-wrapper elementor-labels-above\">\n\t\t\t\t\t\t\t\t<div class=\"elementor-field-type-text elementor-field-group elementor-column elementor-field-group-name elementor-col-100 elementor-field-required\">\n\t\t\t\t\t\t\t\t\t\t\t\t\t<input size=\"1\" type=\"text\" name=\"form_fields[name]\" id=\"form-field-name\" class=\"elementor-field elementor-size-sm  elementor-field-textual\" placeholder=\"Nom complet (obligatoire)\" required=\"required\">\n\t\t\t\t\t\t\t\t\t\t\t<\/div>\n\t\t\t\t\t\t\t\t<div class=\"elementor-field-type-email elementor-field-group elementor-column elementor-field-group-email elementor-col-50 elementor-field-required\">\n\t\t\t\t\t\t\t\t\t\t\t\t\t<input size=\"1\" type=\"email\" name=\"form_fields[email]\" id=\"form-field-email\" class=\"elementor-field elementor-size-sm  elementor-field-textual\" placeholder=\"Courriel (obligatoire)\" required=\"required\">\n\t\t\t\t\t\t\t\t\t\t\t<\/div>\n\t\t\t\t\t\t\t\t<div class=\"elementor-field-type-tel elementor-field-group elementor-column elementor-field-group-field_ac80645 elementor-col-50 elementor-field-required\">\n\t\t\t\t\t\t\t<input size=\"1\" type=\"tel\" name=\"form_fields[field_ac80645]\" id=\"form-field-field_ac80645\" class=\"elementor-field elementor-size-sm  elementor-field-textual\" placeholder=\"Num\u00e9ro de contact (obligatoire)\" required=\"required\" pattern=\"[0-9()#&amp;+*-=.]+\" title=\"Seuls les caract\u00e8res de num\u00e9ros de t\u00e9l\u00e9phone (#, -, *, etc.) sont accept\u00e9s.\">\n\n\t\t\t\t\t\t<\/div>\n\t\t\t\t\t\t\t\t<div class=\"elementor-field-type-select elementor-field-group elementor-column elementor-field-group-field_0bdeafa elementor-col-100 elementor-field-required\">\n\t\t\t\t\t\t\t<div class=\"elementor-field elementor-select-wrapper remove-before \">\n\t\t\t<div class=\"select-caret-down-wrapper\">\n\t\t\t\t<svg aria-hidden=\"true\" class=\"e-font-icon-svg e-eicon-caret-down\" viewBox=\"0 0 571.4 571.4\" xmlns=\"http:\/\/www.w3.org\/2000\/svg\"><path d=\"M571 393Q571 407 561 418L311 668Q300 679 286 679T261 668L11 418Q0 407 0 393T11 368 36 357H536Q550 357 561 368T571 393Z\"><\/path><\/svg>\t\t\t<\/div>\n\t\t\t<select name=\"form_fields[field_0bdeafa]\" id=\"form-field-field_0bdeafa\" class=\"elementor-field-textual elementor-size-sm\" required=\"required\">\n\t\t\t\t\t\t\t\t\t<option value=\"\">Comment avez-vous entendu parler de nous ? (Obligatoire) <\/option>\n\t\t\t\t\t\t\t\t\t<option value=\"Recherche Google\">Recherche Google<\/option>\n\t\t\t\t\t\t\t\t\t<option value=\"M\u00e9dias sociaux\">M\u00e9dias sociaux<\/option>\n\t\t\t\t\t\t\t\t\t<option value=\"Recommandation\">Recommandation<\/option>\n\t\t\t\t\t\t\t\t\t<option value=\"Webinaire\">Webinaire<\/option>\n\t\t\t\t\t\t\t\t\t<option value=\"Publicit\u00e9\">Publicit\u00e9<\/option>\n\t\t\t\t\t\t\t\t\t<option value=\"Conf\u00e9rence\">Conf\u00e9rence<\/option>\n\t\t\t\t\t\t\t\t\t<option value=\"Autre\">Autre<\/option>\n\t\t\t\t\t\t\t<\/select>\n\t\t<\/div>\n\t\t\t\t\t\t<\/div>\n\t\t\t\t\t\t\t\t<div class=\"elementor-field-type-html elementor-field-group elementor-column elementor-field-group-field_6abeaa7 elementor-col-100\">\n\t\t\t\t\t<div class=\"space\"><\/div>\nVous avez une question ?\t\t\t\t<\/div>\n\t\t\t\t\t\t\t\t<div class=\"elementor-field-type-textarea elementor-field-group elementor-column elementor-field-group-message elementor-col-100\">\n\t\t\t\t\t<textarea class=\"elementor-field-textual elementor-field  elementor-size-sm\" name=\"form_fields[message]\" id=\"form-field-message\" rows=\"7\" placeholder=\"Saisissez votre message\"><\/textarea>\t\t\t\t<\/div>\n\t\t\t\t\t\t\t\t<div class=\"elementor-field-group elementor-column elementor-field-type-submit elementor-col-100 e-form__buttons\">\n\t\t\t\t\t<button class=\"elementor-button elementor-size-sm\" type=\"submit\">\n\t\t\t\t\t\t<span class=\"elementor-button-content-wrapper\">\n\t\t\t\t\t\t\t\t\t\t\t\t\t\t\t\t\t\t\t\t\t\t<span class=\"elementor-button-text\">Soumettre<\/span>\n\t\t\t\t\t\t\t\t\t\t\t\t\t<\/span>\n\t\t\t\t\t<\/button>\n\t\t\t\t<\/div>\n\t\t\t<\/div>\n\t\t<\/form>\n\t\t\t\t\t\t<\/div>\n\t\t<div class=\"elementor-element elementor-element-193acc2 e-con-full e-flex elementor-invisible e-con e-child\" data-id=\"193acc2\" data-element_type=\"container\" data-e-type=\"container\" data-settings=\"{&quot;background_background&quot;:&quot;classic&quot;,&quot;position&quot;:&quot;absolute&quot;,&quot;animation&quot;:&quot;zoomIn&quot;,&quot;animation_delay&quot;:1000}\">\n\t\t\t\t<\/div>\n\t\t\t\t<\/div>\n\t\t\t\t<\/div>\n\t\t\t\t<\/div>\n\t\t\t\t\t\t<\/div>\n\t\t\t\t<\/div>\n\t\t\t\t<\/div>\n\t\t<div class=\"elementor-element elementor-element-1b64e6b e-con-full image-height-inherit e-flex e-con e-child\" data-id=\"1b64e6b\" data-element_type=\"container\" data-e-type=\"container\" data-settings=\"{&quot;background_background&quot;:&quot;classic&quot;}\">\n\t\t\t\t<div class=\"elementor-element elementor-element-9cbdb30 elementor-invisible elementor-widget elementor-widget-image\" data-id=\"9cbdb30\" data-element_type=\"widget\" data-e-type=\"widget\" data-settings=\"{&quot;_animation&quot;:&quot;fadeIn&quot;,&quot;_animation_delay&quot;:500}\" data-widget_type=\"image.default\">\n\t\t\t\t\t\t\t\t\t\t\t\t\t\t\t<img fetchpriority=\"high\" decoding=\"async\" width=\"601\" height=\"1024\" src=\"https:\/\/www.foamexperts.ca\/wp-content\/uploads\/2026\/04\/UFC-Contact-Us-Banner-Image3-1-601x1024.jpg\" class=\"attachment-large size-large wp-image-418\" alt=\"\" srcset=\"https:\/\/www.foamexperts.ca\/wp-content\/uploads\/2026\/04\/UFC-Contact-Us-Banner-Image3-1-601x1024.jpg 601w, https:\/\/www.foamexperts.ca\/wp-content\/uploads\/2026\/04\/UFC-Contact-Us-Banner-Image3-1-176x300.jpg 176w, https:\/\/www.foamexperts.ca\/wp-content\/uploads\/2026\/04\/UFC-Contact-Us-Banner-Image3-1-768x1308.jpg 768w, https:\/\/www.foamexperts.ca\/wp-content\/uploads\/2026\/04\/UFC-Contact-Us-Banner-Image3-1.jpg 776w\" sizes=\"(max-width: 601px) 100vw, 601px\" \/>\t\t\t\t\t\t\t\t\t\t\t\t\t\t\t<\/div>\n\t\t\t\t<\/div>\n\t\t\t\t\t<\/div>\n\t\t\t\t<\/div>\n\t\t<div class=\"elementor-element elementor-element-9327cab e-flex e-con-boxed e-con e-parent\" data-id=\"9327cab\" data-element_type=\"container\" data-e-type=\"container\" data-settings=\"{&quot;background_background&quot;:&quot;classic&quot;}\">\n\t\t\t\t\t<div class=\"e-con-inner\">\n\t\t<div class=\"elementor-element elementor-element-25aa469 e-con-full e-flex elementor-invisible e-con e-child\" data-id=\"25aa469\" data-element_type=\"container\" data-e-type=\"container\" data-settings=\"{&quot;animation&quot;:&quot;fadeIn&quot;,&quot;animation_delay&quot;:100}\">\n\t\t\t\t<div class=\"elementor-element elementor-element-db8f008 elementor-widget elementor-widget-text-editor\" data-id=\"db8f008\" data-element_type=\"widget\" data-e-type=\"widget\" data-widget_type=\"text-editor.default\">\n\t\t\t\t\t\t\t\t\t<p><strong>T\u00e9l\u00e9phone :<\/strong><br><a href=\"tel:%20905-702-2555\">+1 905\u2011702\u20112555<\/a><\/p>\t\t\t\t\t\t\t\t<\/div>\n\t\t\t\t<\/div>\n\t\t<div class=\"elementor-element elementor-element-97ddf98 e-con-full e-flex elementor-invisible e-con e-child\" data-id=\"97ddf98\" data-element_type=\"container\" data-e-type=\"container\" data-settings=\"{&quot;animation&quot;:&quot;fadeIn&quot;,&quot;animation_delay&quot;:400}\">\n\t\t\t\t<div class=\"elementor-element elementor-element-6070d53 elementor-widget elementor-widget-text-editor\" data-id=\"6070d53\" data-element_type=\"widget\" data-e-type=\"widget\" data-widget_type=\"text-editor.default\">\n\t\t\t\t\t\t\t\t\t<p><strong>T\u00e9l\u00e9copieur :<\/strong><br><a href=\"tel:%20905%E2%80%91456%E2%80%919439\">+1 905\u2011456\u20119439<\/a><\/p>\t\t\t\t\t\t\t\t<\/div>\n\t\t\t\t<\/div>\n\t\t<div class=\"elementor-element elementor-element-3f827f1 e-con-full e-flex elementor-invisible e-con e-child\" data-id=\"3f827f1\" data-element_type=\"container\" data-e-type=\"container\" data-settings=\"{&quot;animation&quot;:&quot;fadeIn&quot;,&quot;animation_delay&quot;:700}\">\n\t\t\t\t<div class=\"elementor-element elementor-element-e3b26a0 elementor-widget elementor-widget-text-editor\" data-id=\"e3b26a0\" data-element_type=\"widget\" data-e-type=\"widget\" data-widget_type=\"text-editor.default\">\n\t\t\t\t\t\t\t\t\t<p><strong>Adresse postale :<\/strong><br><a href=\"https:\/\/maps.app.goo.gl\/wFBFKqdXtfy72bCi6\" target=\"_blank\" rel=\"noopener\">160 Main st. S, suite 547, Brampton, On L6W 4C1<\/a><\/p>\t\t\t\t\t\t\t\t<\/div>\n\t\t\t\t<\/div>\n\t\t\t\t\t<\/div>\n\t\t\t\t<\/div>\n\t\t\t\t<\/div>\n\t\t","protected":false},"excerpt":{"rendered":"<p>Nous contacter T\u00e9l\u00e9phone :+1 905\u2011702\u20112555 T\u00e9l\u00e9copieur :+1 905\u2011456\u20119439 Adresse postale :160 Main st. S, suite 547, Brampton, On L6W 4C1<\/p>\n","protected":false},"author":1,"featured_media":0,"parent":0,"menu_order":0,"comment_status":"closed","ping_status":"closed","template":"elementor_header_footer","meta":{"footnotes":""},"class_list":["post-419","page","type-page","status-publish","hentry"],"_links":{"self":[{"href":"https:\/\/www.foamexperts.ca\/fr\/wp-json\/wp\/v2\/pages\/419","targetHints":{"allow":["GET"]}}],"collection":[{"href":"https:\/\/www.foamexperts.ca\/fr\/wp-json\/wp\/v2\/pages"}],"about":[{"href":"https:\/\/www.foamexperts.ca\/fr\/wp-json\/wp\/v2\/types\/page"}],"author":[{"embeddable":true,"href":"https:\/\/www.foamexperts.ca\/fr\/wp-json\/wp\/v2\/users\/1"}],"replies":[{"embeddable":true,"href":"https:\/\/www.foamexperts.ca\/fr\/wp-json\/wp\/v2\/comments?post=419"}],"version-history":[{"count":3,"href":"https:\/\/www.foamexperts.ca\/fr\/wp-json\/wp\/v2\/pages\/419\/revisions"}],"predecessor-version":[{"id":739,"href":"https:\/\/www.foamexperts.ca\/fr\/wp-json\/wp\/v2\/pages\/419\/revisions\/739"}],"wp:attachment":[{"href":"https:\/\/www.foamexperts.ca\/fr\/wp-json\/wp\/v2\/media?parent=419"}],"curies":[{"name":"wp","href":"https:\/\/api.w.org\/{rel}","templated":true}]}}